{"id":59,"date":"2021-09-11T14:42:17","date_gmt":"2021-09-11T12:42:17","guid":{"rendered":"http:\/\/www.harmonisation-sante.com\/?page_id=59"},"modified":"2025-05-20T15:54:31","modified_gmt":"2025-05-20T13:54:31","slug":"le-shiatsu","status":"publish","type":"page","link":"https:\/\/www.harmonisation-sante.com\/index.php\/le-shiatsu\/","title":{"rendered":"La m\u00e9decine Traditionnelle Chinoise Tao\u00efste et Vietnamienne"},"content":{"rendered":"\n<p class=\"has-text-align-center\">L&rsquo;intention premier est d&rsquo;harmoniser le corps dans sa globalit\u00e9 afin de pr\u00e9server la sant\u00e9.<\/p>\n\n\n\n<p><\/p>\n\n\n\n<div class=\"wp-block-image is-style-rounded\"><figure class=\"aligncenter size-large is-resized\"><img loading=\"lazy\" src=\"http:\/\/www.harmonisation-sante.com\/wp-content\/uploads\/2023\/04\/IMG_20230330_171824-1024x768.jpg\" alt=\"\" class=\"wp-image-237\" width=\"493\" height=\"371\" srcset=\"https:\/\/www.harmonisation-sante.com\/wp-content\/uploads\/2023\/04\/IMG_20230330_171824-1024x768.jpg 1024w, https:\/\/www.harmonisation-sante.com\/wp-content\/uploads\/2023\/04\/IMG_20230330_171824-300x225.jpg 300w, https:\/\/www.harmonisation-sante.com\/wp-content\/uploads\/2023\/04\/IMG_20230330_171824-768x576.jpg 768w, https:\/\/www.harmonisation-sante.com\/wp-content\/uploads\/2023\/04\/IMG_20230330_171824-1536x1152.jpg 1536w, https:\/\/www.harmonisation-sante.com\/wp-content\/uploads\/2023\/04\/IMG_20230330_171824-2048x1536.jpg 2048w\" sizes=\"(max-width: 493px) 100vw, 493px\" \/><figcaption>rbt<\/figcaption><\/figure><\/div>\n\n\n\n<p><\/p>\n\n\n\n<p><\/p>\n\n\n\n<h1 class=\"has-text-align-center\"><\/h1>\n\n\n\n<p><\/p>\n\n\n\n<p><\/p>\n\n\n\n<p class=\"has-vivid-red-color has-text-color has-normal-font-size\">          Un accompagnement qui s\u2019inspire des techniques orientales tout en int\u00e9grant les connaissances occidentales en mati\u00e8re de sant\u00e9 int\u00e9grative et fonctionnelle.<\/p>\n\n\n\n<p><\/p>\n\n\n\n<p><\/p>\n\n\n\n<p><\/p>\n\n\n\n<p><\/p>\n\n\n\n<p><\/p>\n\n\n\n<p><\/p>\n\n\n\n<p><\/p>\n\n\n\n<div class=\"wp-block-columns alignwide\">\n<div class=\"wp-block-column\" style=\"flex-basis:50%\">\n<h2><\/h2>\n\n\n\n<div class=\"wp-block-columns\">\n<div class=\"wp-block-column\" style=\"flex-basis:100%\">\n<blockquote class=\"wp-block-quote has-text-align-center is-style-large\"><p>L&rsquo;approche de la m\u00e9decine traditionnelle vietnamienne et chinoise consiste \u00e0 mettre en valeur votre potentiel et forces latentes pour vous accompagner vers \u00a0\u00bb l&rsquo;\u00e9quilibre \u00ab\u00a0, r\u00e9tablir les dysharmonies au travers les 5 branches que sont :<\/p><p><em><strong>La di\u00e9t\u00e9tique <\/strong><\/em><em>pour apporter le substrat n\u00e9cessaire<\/em><\/p><p><strong>La Pharmacop\u00e9e<\/strong> pour activer les enzymes et hormones<\/p><p><strong>L&rsquo;Acupuncture<\/strong> pour ouvrir les \u00e9lectrolytes cellulaire<\/p><p><strong>Le Massage <\/strong>pour harmoniser le tout<\/p><p><strong>Le Qi Gong <\/strong> pour maintenir une structure forte<\/p><p>des outils de sant\u00e9 int\u00e9grative et fonctionnelle et autres m\u00e9thodes ancestrales tel que :<\/p><p>&#8211; <strong>Les ventouses \/ guasha<\/strong> (pour les coups de froid)<\/p><p>&#8211; <strong>Th\u00e9rapie par le feu<\/strong> ( pour le froid interne et les douleurs\/traumatismes articulo-musculaire)<\/p><\/blockquote>\n\n\n\n<p><\/p>\n<\/div>\n<\/div>\n<\/div>\n\n\n\n<div class=\"wp-block-column\" style=\"flex-basis:50%\">\n<figure class=\"wp-block-image size-full is-resized is-style-default\"><img loading=\"lazy\" src=\"http:\/\/www.harmonisation-sante.com\/wp-content\/uploads\/2023\/08\/medecine-traditionnelle-170650.jpg\" alt=\"\" class=\"wp-image-280\" width=\"448\" height=\"275\" srcset=\"https:\/\/www.harmonisation-sante.com\/wp-content\/uploads\/2023\/08\/medecine-traditionnelle-170650.jpg 650w, https:\/\/www.harmonisation-sante.com\/wp-content\/uploads\/2023\/08\/medecine-traditionnelle-170650-300x185.jpg 300w\" sizes=\"(max-width: 448px) 100vw, 448px\" \/><\/figure>\n\n\n\n<figure class=\"wp-block-image size-large is-resized is-style-rounded\"><img loading=\"lazy\" src=\"http:\/\/www.harmonisation-sante.com\/wp-content\/uploads\/2023\/08\/IMG_20230105_165417-4-856x1024.jpg\" alt=\"\" class=\"wp-image-294\" width=\"331\" height=\"396\" srcset=\"https:\/\/www.harmonisation-sante.com\/wp-content\/uploads\/2023\/08\/IMG_20230105_165417-4-856x1024.jpg 856w, https:\/\/www.harmonisation-sante.com\/wp-content\/uploads\/2023\/08\/IMG_20230105_165417-4-251x300.jpg 251w, https:\/\/www.harmonisation-sante.com\/wp-content\/uploads\/2023\/08\/IMG_20230105_165417-4-768x919.jpg 768w, https:\/\/www.harmonisation-sante.com\/wp-content\/uploads\/2023\/08\/IMG_20230105_165417-4-1284x1536.jpg 1284w, https:\/\/www.harmonisation-sante.com\/wp-content\/uploads\/2023\/08\/IMG_20230105_165417-4-1712x2048.jpg 1712w\" sizes=\"(max-width: 331px) 100vw, 331px\" \/><\/figure>\n\n\n\n<figure class=\"wp-block-image size-large is-resized\"><img loading=\"lazy\" src=\"http:\/\/www.harmonisation-sante.com\/wp-content\/uploads\/2023\/08\/IMG_20230830_112026-2-1024x846.jpg\" alt=\"\" class=\"wp-image-295\" width=\"298\" height=\"245\" srcset=\"https:\/\/www.harmonisation-sante.com\/wp-content\/uploads\/2023\/08\/IMG_20230830_112026-2-1024x846.jpg 1024w, https:\/\/www.harmonisation-sante.com\/wp-content\/uploads\/2023\/08\/IMG_20230830_112026-2-300x248.jpg 300w, https:\/\/www.harmonisation-sante.com\/wp-content\/uploads\/2023\/08\/IMG_20230830_112026-2-768x635.jpg 768w, https:\/\/www.harmonisation-sante.com\/wp-content\/uploads\/2023\/08\/IMG_20230830_112026-2-1536x1269.jpg 1536w, https:\/\/www.harmonisation-sante.com\/wp-content\/uploads\/2023\/08\/IMG_20230830_112026-2-2048x1692.jpg 2048w\" sizes=\"(max-width: 298px) 100vw, 298px\" \/><\/figure>\n<\/div>\n<\/div>\n\n\n\n<p><\/p>\n\n\n\n<p><\/p>\n\n\n\n<p><\/p>\n\n\n\n<p><\/p>\n\n\n\n<p><\/p>\n\n\n\n<p><\/p>\n\n\n\n<div class=\"wp-block-columns alignwide\">\n<div class=\"wp-block-column\" style=\"flex-basis:50%\">\n<figure class=\"wp-block-image is-resized\"><img loading=\"lazy\" src=\"http:\/\/www.harmonisation-sante.com\/wp-content\/uploads\/2021\/09\/meridiens-2-768x768-1.jpg\" alt=\"\" class=\"wp-image-96\" width=\"403\" height=\"403\" srcset=\"https:\/\/www.harmonisation-sante.com\/wp-content\/uploads\/2021\/09\/meridiens-2-768x768-1.jpg 768w, https:\/\/www.harmonisation-sante.com\/wp-content\/uploads\/2021\/09\/meridiens-2-768x768-1-300x300.jpg 300w, https:\/\/www.harmonisation-sante.com\/wp-content\/uploads\/2021\/09\/meridiens-2-768x768-1-150x150.jpg 150w\" sizes=\"(max-width: 403px) 100vw, 403px\" \/><\/figure>\n<\/div>\n\n\n\n<div class=\"wp-block-column\" style=\"flex-basis:50%\">\n<div class=\"wp-block-group\"><div class=\"wp-block-group__inner-container\">\n<div class=\"wp-block-columns\">\n<div class=\"wp-block-column\" style=\"flex-basis:100%\">\n<blockquote class=\"wp-block-quote\"><p><strong>Le travail des m\u00e9ridiens<\/strong>&nbsp;est une discipline d&rsquo;action sur les voies de communications appel\u00e9s \u00ab&nbsp;m\u00e9ridiens&nbsp;\u00bb. Les m\u00e9ridiens assurent les fonctions \u00e9nerg\u00e9tiques et organiques de la vie. L\u2019approche manuelle permet d\u2019agir simultan\u00e9ment sur le r\u00e9seau \u00e9nerg\u00e9tique subtil et sur la structure corporelle. Par la mobilisation des articulations, des muscles et des tendons, cela \u00a0\u00bb&nbsp;ouvre les passages \u00a0\u00bb&nbsp;, et lib\u00e8re la circulation du Ki.<\/p><\/blockquote>\n\n\n\n<p><\/p>\n<\/div>\n<\/div>\n<\/div><\/div>\n<\/div>\n<\/div>\n\n\n\n<p><\/p>\n\n\n\n<p><\/p>\n\n\n\n<p><\/p>\n\n\n\n<p><\/p>\n\n\n\n<div class=\"wp-block-columns alignwide\">\n<div class=\"wp-block-column is-vertically-aligned-center\" style=\"flex-basis:52%\">\n<p class=\"has-text-align-left\" style=\"font-size:26px\"><strong>Indications<\/strong> <\/p>\n\n\n\n<p class=\"has-text-align-left\" style=\"font-size:26px\"><strong>et champs d&rsquo;application<\/strong><\/p>\n\n\n\n<p class=\"has-text-align-left\" style=\"font-size:26px\"><strong>des<\/strong> <strong>humains et animaux<\/strong><\/p>\n\n\n\n<p><\/p>\n\n\n\n<p><\/p>\n\n\n\n<p><strong>Avant tout pour pr\u00e9server votre sant\u00e9<\/strong> <\/p>\n\n\n\n<p>par le r\u00e9\u00e9quilibrage et renforcement du syst\u00e8me immunitaire<\/p>\n\n\n\n<p><\/p>\n\n\n\n<p><\/p>\n\n\n\n<ul><li>pour la gestion du stress<\/li><\/ul>\n\n\n\n<ul><li>troubles physiques chroniques et aigus<\/li><\/ul>\n\n\n\n<ul><li>en cas de fatigue, d\u2019\u00e9puisement, (burnt out, fibromyalgie)<\/li><\/ul>\n\n\n\n<ul><li>aide \u00e0 surmonter les \u00e9tapes difficiles de la vie (spatio-temporel)<\/li><\/ul>\n\n\n\n<ul><li>en cas de douleurs articulaires, musculaires<\/li><\/ul>\n\n\n\n<ul><li>lors de c\u00e9phal\u00e9es<\/li><li>Sciatique, cruralgie, c\u00e9vralgie<\/li><\/ul>\n\n\n\n<ul><li>pour remobiliser des parties oubli\u00e9es<\/li><li>arr\u00eat du tabac <\/li><li>accompagnement de grossesse (naus\u00e9es\/vomissements, douleurs musculaire etc&#8230;.)<\/li><li>infertilit\u00e9 par le r\u00e9\u00e9quilibrage du terrain<\/li><li>R\u00e9tention d&rsquo;eau (drainage lymphatique)<\/li><\/ul>\n\n\n\n<ul><li>Agit sur le syst\u00e8me digestif (dysbiose)<ul><li>Th\u00e9rapie esth\u00e9tique (cellules adipeuses \u00ab\u00a0cellulite\u00a0\u00bb et rides)<\/li><\/ul><\/li><\/ul>\n\n\n\n<p><\/p>\n<\/div>\n<\/div>\n\n\n\n<p><\/p>\n\n\n\n<p><\/p>\n","protected":false},"excerpt":{"rendered":"<p>L&rsquo;intention premier est d&rsquo;harmoniser le corps dans sa globalit\u00e9 afin de pr\u00e9server la sant\u00e9. Un accompagnement qui s\u2019inspire des techniques orientales tout en int\u00e9grant les connaissances occidentales en mati\u00e8re de sant\u00e9 int\u00e9grative et fonctionnelle. L&rsquo;approche de la m\u00e9decine traditionnelle vietnamienne et chinoise consiste \u00e0 mettre en valeur votre potentiel et forces latentes pour vous accompagner [&hellip;]<\/p>\n","protected":false},"author":1,"featured_media":0,"parent":0,"menu_order":0,"comment_status":"closed","ping_status":"closed","template":"","meta":[],"_links":{"self":[{"href":"https:\/\/www.harmonisation-sante.com\/index.php\/wp-json\/wp\/v2\/pages\/59"}],"collection":[{"href":"https:\/\/www.harmonisation-sante.com\/index.php\/wp-json\/wp\/v2\/pages"}],"about":[{"href":"https:\/\/www.harmonisation-sante.com\/index.php\/wp-json\/wp\/v2\/types\/page"}],"author":[{"embeddable":true,"href":"https:\/\/www.harmonisation-sante.com\/index.php\/wp-json\/wp\/v2\/users\/1"}],"replies":[{"embeddable":true,"href":"https:\/\/www.harmonisation-sante.com\/index.php\/wp-json\/wp\/v2\/comments?post=59"}],"version-history":[{"count":57,"href":"https:\/\/www.harmonisation-sante.com\/index.php\/wp-json\/wp\/v2\/pages\/59\/revisions"}],"predecessor-version":[{"id":339,"href":"https:\/\/www.harmonisation-sante.com\/index.php\/wp-json\/wp\/v2\/pages\/59\/revisions\/339"}],"wp:attachment":[{"href":"https:\/\/www.harmonisation-sante.com\/index.php\/wp-json\/wp\/v2\/media?parent=59"}],"curies":[{"name":"wp","href":"https:\/\/api.w.org\/{rel}","templated":true}]}}