{"id":34,"date":"2021-09-10T22:45:52","date_gmt":"2021-09-10T20:45:52","guid":{"rendered":"http:\/\/www.harmonisation-sante.com\/?page_id=34"},"modified":"2025-11-04T11:40:15","modified_gmt":"2025-11-04T10:40:15","slug":"harmonisation-du-corps-et-de-lesprit","status":"publish","type":"page","link":"https:\/\/www.harmonisation-sante.com\/","title":{"rendered":"Accueil"},"content":{"rendered":"\n<div class=\"wp-block-image is-style-rounded\"><figure class=\"aligncenter size-large is-resized\"><img loading=\"lazy\" src=\"http:\/\/www.harmonisation-sante.com\/wp-content\/uploads\/2025\/05\/IMG_20250425_083029_edit_17009131170321-1024x850.jpg\" alt=\"\" class=\"wp-image-337\" width=\"611\" height=\"507\" srcset=\"https:\/\/www.harmonisation-sante.com\/wp-content\/uploads\/2025\/05\/IMG_20250425_083029_edit_17009131170321-1024x850.jpg 1024w, https:\/\/www.harmonisation-sante.com\/wp-content\/uploads\/2025\/05\/IMG_20250425_083029_edit_17009131170321-300x249.jpg 300w, https:\/\/www.harmonisation-sante.com\/wp-content\/uploads\/2025\/05\/IMG_20250425_083029_edit_17009131170321-768x638.jpg 768w, https:\/\/www.harmonisation-sante.com\/wp-content\/uploads\/2025\/05\/IMG_20250425_083029_edit_17009131170321-1536x1275.jpg 1536w, https:\/\/www.harmonisation-sante.com\/wp-content\/uploads\/2025\/05\/IMG_20250425_083029_edit_17009131170321-2048x1701.jpg 2048w\" sizes=\"(max-width: 611px) 100vw, 611px\" \/><\/figure><\/div>\n\n\n\n<h1 class=\"has-text-align-center\"><\/h1>\n\n\n\n<p class=\"has-text-align-center\">C\u2019est \u00e0 travers ce corps physique que nous nous exprimons, par l\u2019extraction de l&rsquo;essence qui nous anime et se manifeste gr\u00e2ce au substrat que nous prenons soin de lui offrir.<\/p>\n\n\n\n<p><\/p>\n\n\n\n<p><\/p>\n\n\n\n<p><\/p>\n\n\n\n<p><\/p>\n\n\n\n<h1 class=\"has-text-align-center\"><a href=\"http:\/\/www.harmonisation-sante.com\/index.php\/2021\/09\/10\/bonjour-tout-le-monde\/\">La conscience de l\u2019\u00eatre et de l&rsquo;\u00e2me \u00e0 travers le corps physique<\/a><\/h1>\n\n\n\n<p><\/p>\n\n\n\n<p><\/p>\n\n\n\n<div class=\"wp-block-image is-style-rounded\"><figure class=\"aligncenter size-large is-resized\"><img loading=\"lazy\" src=\"http:\/\/www.harmonisation-sante.com\/wp-content\/uploads\/2023\/04\/IMG_20230330_172729-1024x768.jpg\" alt=\"\" class=\"wp-image-235\" width=\"-379\" height=\"-284\" srcset=\"https:\/\/www.harmonisation-sante.com\/wp-content\/uploads\/2023\/04\/IMG_20230330_172729-1024x768.jpg 1024w, https:\/\/www.harmonisation-sante.com\/wp-content\/uploads\/2023\/04\/IMG_20230330_172729-300x225.jpg 300w, https:\/\/www.harmonisation-sante.com\/wp-content\/uploads\/2023\/04\/IMG_20230330_172729-768x576.jpg 768w, https:\/\/www.harmonisation-sante.com\/wp-content\/uploads\/2023\/04\/IMG_20230330_172729-1536x1152.jpg 1536w, https:\/\/www.harmonisation-sante.com\/wp-content\/uploads\/2023\/04\/IMG_20230330_172729-2048x1536.jpg 2048w\" sizes=\"(max-width: 1024px) 100vw, 1024px\" \/><\/figure><\/div>\n\n\n\n<p><\/p>\n\n\n\n<p><\/p>\n\n\n\n<p class=\"has-medium-font-size\"><strong>Praticienne de M\u00e9decine Traditionnelle Chinoise et Vietnamienne<\/strong>, <strong> je vous propose<\/strong> de r\u00e9\u00e9quilibrer votre terrain, vous donner les outils pour pr\u00e9server et prendre en main votre sante \u00e0 partir d&rsquo;un bilan complet de votre structure; pour une r\u00e9elle transformation dans le but de vous apporter un \u00e9quilibre sur tous les Plans. Cela <strong>va am\u00e9liorer vos d\u00e9fenses immunitaires<\/strong>, maintenir <strong>une bonne vitalit\u00e9, une harmonisation entre ce que vous \u00eates et ce que vous faite.<\/strong> <\/p>\n\n\n\n<h2><\/h2>\n\n\n\n<p><\/p>\n\n\n\n<p><\/p>\n\n\n\n<p><\/p>\n\n\n\n<p><\/p>\n\n\n\n<p><\/p>\n\n\n\n<p><\/p>\n\n\n\n<p><\/p>\n\n\n\n<p class=\"has-medium-font-size\"><strong>Sur rendez-vous<\/strong><\/p>\n\n\n\n<p><\/p>\n\n\n\n<p class=\"has-medium-font-size\">Contact <\/p>\n\n\n\n<p class=\"has-medium-font-size\">Fleur KONG A SIOU<\/p>\n\n\n\n<p><\/p>\n\n\n\n<p class=\"has-medium-font-size\"><strong>Tel<\/strong><\/p>\n\n\n\n<p class=\"has-medium-font-size\">06.69.40.96.6<strong>7<\/strong><\/p>\n\n\n\n<p><\/p>\n\n\n\n<p class=\"has-normal-font-size\"><strong>ADRESSE<\/strong> :<\/p>\n\n\n\n<p class=\"has-normal-font-size\"><strong>107 IMPASSE MARINETTE MENUT<\/strong><\/p>\n\n\n\n<p class=\"has-medium-font-size\"><strong>lieu dit \u00ab\u00a0Le Tronchet\u00a0\u00bb<\/strong><\/p>\n\n\n\n<p class=\"has-medium-font-size\"><strong>63160 Neuville<\/strong><\/p>\n\n\n\n<figure class=\"wp-block-image size-large is-resized\"><img loading=\"lazy\" src=\"http:\/\/www.harmonisation-sante.com\/wp-content\/uploads\/2023\/01\/IMG_20230110_120817-1024x768.jpg\" alt=\"\" class=\"wp-image-211\" width=\"267\" height=\"200\" srcset=\"https:\/\/www.harmonisation-sante.com\/wp-content\/uploads\/2023\/01\/IMG_20230110_120817-1024x768.jpg 1024w, https:\/\/www.harmonisation-sante.com\/wp-content\/uploads\/2023\/01\/IMG_20230110_120817-300x225.jpg 300w, https:\/\/www.harmonisation-sante.com\/wp-content\/uploads\/2023\/01\/IMG_20230110_120817-768x576.jpg 768w, https:\/\/www.harmonisation-sante.com\/wp-content\/uploads\/2023\/01\/IMG_20230110_120817-1536x1152.jpg 1536w, https:\/\/www.harmonisation-sante.com\/wp-content\/uploads\/2023\/01\/IMG_20230110_120817-2048x1536.jpg 2048w\" sizes=\"(max-width: 267px) 100vw, 267px\" \/><\/figure>\n\n\n\n<figure class=\"wp-block-image size-large is-resized\"><img loading=\"lazy\" src=\"http:\/\/www.harmonisation-sante.com\/wp-content\/uploads\/2023\/01\/IMG_20230110_185756-768x1024.jpg\" alt=\"\" class=\"wp-image-210\" width=\"263\" height=\"350\" srcset=\"https:\/\/www.harmonisation-sante.com\/wp-content\/uploads\/2023\/01\/IMG_20230110_185756-768x1024.jpg 768w, https:\/\/www.harmonisation-sante.com\/wp-content\/uploads\/2023\/01\/IMG_20230110_185756-225x300.jpg 225w, https:\/\/www.harmonisation-sante.com\/wp-content\/uploads\/2023\/01\/IMG_20230110_185756-1152x1536.jpg 1152w, https:\/\/www.harmonisation-sante.com\/wp-content\/uploads\/2023\/01\/IMG_20230110_185756-1536x2048.jpg 1536w, https:\/\/www.harmonisation-sante.com\/wp-content\/uploads\/2023\/01\/IMG_20230110_185756-scaled.jpg 1920w\" sizes=\"(max-width: 263px) 100vw, 263px\" \/><figcaption>oznorMB<\/figcaption><\/figure>\n\n\n\n<figure class=\"wp-block-image size-large is-resized\"><img loading=\"lazy\" src=\"http:\/\/www.harmonisation-sante.com\/wp-content\/uploads\/2023\/01\/IMG_20230110_185825-1024x768.jpg\" alt=\"\" class=\"wp-image-209\" width=\"270\" height=\"203\" srcset=\"https:\/\/www.harmonisation-sante.com\/wp-content\/uploads\/2023\/01\/IMG_20230110_185825-1024x768.jpg 1024w, https:\/\/www.harmonisation-sante.com\/wp-content\/uploads\/2023\/01\/IMG_20230110_185825-300x225.jpg 300w, https:\/\/www.harmonisation-sante.com\/wp-content\/uploads\/2023\/01\/IMG_20230110_185825-768x576.jpg 768w, https:\/\/www.harmonisation-sante.com\/wp-content\/uploads\/2023\/01\/IMG_20230110_185825-1536x1152.jpg 1536w, https:\/\/www.harmonisation-sante.com\/wp-content\/uploads\/2023\/01\/IMG_20230110_185825-2048x1536.jpg 2048w\" sizes=\"(max-width: 270px) 100vw, 270px\" \/><figcaption>oznorMB<\/figcaption><\/figure>\n\n\n\n<figure class=\"wp-block-image size-large is-resized\"><img loading=\"lazy\" src=\"http:\/\/www.harmonisation-sante.com\/wp-content\/uploads\/2023\/01\/IMG_20230110_120949-1024x768.jpg\" alt=\"\" class=\"wp-image-208\" width=\"289\" height=\"217\" srcset=\"https:\/\/www.harmonisation-sante.com\/wp-content\/uploads\/2023\/01\/IMG_20230110_120949-1024x768.jpg 1024w, https:\/\/www.harmonisation-sante.com\/wp-content\/uploads\/2023\/01\/IMG_20230110_120949-300x225.jpg 300w, https:\/\/www.harmonisation-sante.com\/wp-content\/uploads\/2023\/01\/IMG_20230110_120949-768x576.jpg 768w, https:\/\/www.harmonisation-sante.com\/wp-content\/uploads\/2023\/01\/IMG_20230110_120949-1536x1152.jpg 1536w, https:\/\/www.harmonisation-sante.com\/wp-content\/uploads\/2023\/01\/IMG_20230110_120949-2048x1536.jpg 2048w\" sizes=\"(max-width: 289px) 100vw, 289px\" \/><\/figure>\n\n\n\n<figure class=\"wp-block-image size-large is-resized\"><img loading=\"lazy\" src=\"http:\/\/www.harmonisation-sante.com\/wp-content\/uploads\/2023\/01\/IMG_20230110_121000-1024x768.jpg\" alt=\"\" class=\"wp-image-207\" width=\"287\" height=\"215\" srcset=\"https:\/\/www.harmonisation-sante.com\/wp-content\/uploads\/2023\/01\/IMG_20230110_121000-1024x768.jpg 1024w, https:\/\/www.harmonisation-sante.com\/wp-content\/uploads\/2023\/01\/IMG_20230110_121000-300x225.jpg 300w, https:\/\/www.harmonisation-sante.com\/wp-content\/uploads\/2023\/01\/IMG_20230110_121000-768x576.jpg 768w, https:\/\/www.harmonisation-sante.com\/wp-content\/uploads\/2023\/01\/IMG_20230110_121000-1536x1152.jpg 1536w, https:\/\/www.harmonisation-sante.com\/wp-content\/uploads\/2023\/01\/IMG_20230110_121000-2048x1536.jpg 2048w\" sizes=\"(max-width: 287px) 100vw, 287px\" \/><\/figure>\n\n\n\n<p><\/p>\n","protected":false},"excerpt":{"rendered":"<p>C\u2019est \u00e0 travers ce corps physique que nous nous exprimons, par l\u2019extraction de l&rsquo;essence qui nous anime et se manifeste gr\u00e2ce au substrat que nous prenons soin de lui offrir. La conscience de l\u2019\u00eatre et de l&rsquo;\u00e2me \u00e0 travers le corps physique Praticienne de M\u00e9decine Traditionnelle Chinoise et Vietnamienne, je vous propose de r\u00e9\u00e9quilibrer votre [&hellip;]<\/p>\n","protected":false},"author":1,"featured_media":0,"parent":0,"menu_order":0,"comment_status":"closed","ping_status":"closed","template":"","meta":[],"_links":{"self":[{"href":"https:\/\/www.harmonisation-sante.com\/index.php\/wp-json\/wp\/v2\/pages\/34"}],"collection":[{"href":"https:\/\/www.harmonisation-sante.com\/index.php\/wp-json\/wp\/v2\/pages"}],"about":[{"href":"https:\/\/www.harmonisation-sante.com\/index.php\/wp-json\/wp\/v2\/types\/page"}],"author":[{"embeddable":true,"href":"https:\/\/www.harmonisation-sante.com\/index.php\/wp-json\/wp\/v2\/users\/1"}],"replies":[{"embeddable":true,"href":"https:\/\/www.harmonisation-sante.com\/index.php\/wp-json\/wp\/v2\/comments?post=34"}],"version-history":[{"count":58,"href":"https:\/\/www.harmonisation-sante.com\/index.php\/wp-json\/wp\/v2\/pages\/34\/revisions"}],"predecessor-version":[{"id":371,"href":"https:\/\/www.harmonisation-sante.com\/index.php\/wp-json\/wp\/v2\/pages\/34\/revisions\/371"}],"wp:attachment":[{"href":"https:\/\/www.harmonisation-sante.com\/index.php\/wp-json\/wp\/v2\/media?parent=34"}],"curies":[{"name":"wp","href":"https:\/\/api.w.org\/{rel}","templated":true}]}}