{"id":217,"date":"2023-03-10T16:11:11","date_gmt":"2023-03-10T15:11:11","guid":{"rendered":"http:\/\/www.harmonisation-sante.com\/?page_id=217"},"modified":"2025-10-14T16:40:06","modified_gmt":"2025-10-14T14:40:06","slug":"cours-de-qi-gong","status":"publish","type":"page","link":"https:\/\/www.harmonisation-sante.com\/index.php\/cours-de-qi-gong\/","title":{"rendered":"Cours de Yang Sheng-Qi Gong"},"content":{"rendered":"\n<div class=\"wp-block-image\"><figure class=\"alignleft size-full\"><img loading=\"lazy\" width=\"183\" height=\"275\" src=\"http:\/\/www.harmonisation-sante.com\/wp-content\/uploads\/2023\/03\/images.jpg\" alt=\"\" class=\"wp-image-218\"\/><\/figure><\/div>\n\n\n\n<p><\/p>\n\n\n\n<p><strong>Yang Sheng<\/strong>&nbsp;ou \u00ab&nbsp;<strong>Nourrir la vie<\/strong>&nbsp;\u00bb.<\/p>\n\n\n\n<p><\/p>\n\n\n\n<p><strong>Qi<\/strong>&nbsp;comme souffle, air, respirer, processus vital dynamique inh\u00e9rent \u00e0 tout ph\u00e9nom\u00e8ne vivant, par extension \u00ab&nbsp;\u00e9nergie&nbsp;\u00bb.&nbsp;<\/p>\n\n\n\n<p><strong>Gong<\/strong>&nbsp;est discipline, travail, asc\u00e8se.<\/p>\n\n\n\n<p><\/p>\n\n\n\n<p><\/p>\n\n\n\n<p><\/p>\n\n\n\n<p>Le Yang Sheng Qi Gong est un art de vivre pour \u00ab&nbsp;<strong>Nourrir le Principe Vital&nbsp;<\/strong>\u00bb.<br><\/p>\n\n\n\n<p>L\u2019individu est men\u00e9 \u00e0 r\u00e9gler sa conduite sur les lois de la nature, respecter le rythme des saisons, se nourrir et respirer de fa\u00e7on optimal, pratiquer des exercices psycho-corporels pour renforcer sa vitalit\u00e9.<\/p>\n\n\n\n<p><\/p>\n\n\n\n<p><\/p>\n\n\n\n<p><\/p>\n\n\n\n<p><\/p>\n\n\n\n<p><\/p>\n\n\n\n<p><\/p>\n\n\n\n<p><\/p>\n\n\n\n<p><\/p>\n\n\n\n<p><\/p>\n\n\n\n<p><\/p>\n\n\n\n<p><\/p>\n\n\n\n<p><\/p>\n\n\n\n<h3>PRENDRE SOIN DE SOI PAR LE MOUVEMENT<\/h3>\n\n\n\n<figure class=\"wp-block-gallery alignright columns-1 is-cropped\"><ul class=\"blocks-gallery-grid\"><li class=\"blocks-gallery-item\"><figure><img loading=\"lazy\" width=\"2437\" height=\"2099\" src=\"http:\/\/www.harmonisation-sante.com\/wp-content\/uploads\/2025\/10\/IMG_20250820_192252.jpg\" alt=\"\" data-id=\"363\" data-full-url=\"http:\/\/www.harmonisation-sante.com\/wp-content\/uploads\/2025\/10\/IMG_20250820_192252.jpg\" data-link=\"http:\/\/www.harmonisation-sante.com\/index.php\/cours-de-qi-gong\/img_20250820_192252\/\" class=\"wp-image-363\" srcset=\"https:\/\/www.harmonisation-sante.com\/wp-content\/uploads\/2025\/10\/IMG_20250820_192252.jpg 2437w, https:\/\/www.harmonisation-sante.com\/wp-content\/uploads\/2025\/10\/IMG_20250820_192252-300x258.jpg 300w, https:\/\/www.harmonisation-sante.com\/wp-content\/uploads\/2025\/10\/IMG_20250820_192252-1024x882.jpg 1024w, https:\/\/www.harmonisation-sante.com\/wp-content\/uploads\/2025\/10\/IMG_20250820_192252-768x661.jpg 768w, https:\/\/www.harmonisation-sante.com\/wp-content\/uploads\/2025\/10\/IMG_20250820_192252-1536x1323.jpg 1536w, https:\/\/www.harmonisation-sante.com\/wp-content\/uploads\/2025\/10\/IMG_20250820_192252-2048x1764.jpg 2048w\" sizes=\"(max-width: 2437px) 100vw, 2437px\" \/><\/figure><\/li><\/ul><\/figure>\n\n\n\n<p><\/p>\n\n\n\n<p><\/p>\n\n\n\n<p>Le Qi Gong est bas\u00e9 sur l\u2019<strong>ajustement du corps, du souffle et de l\u2019esprit<\/strong>. L\u2019objectif du travail sur ces 3 dimensions est d\u2019<strong>arriver \u00e0 un \u00e9tat d\u2019unit\u00e9<\/strong>.<br><\/p>\n\n\n\n<p>La pratique est compos\u00e9e de postures statiques, de postures en mouvements et de m\u00e9ditations.<br>Les mouvements corporels sont doux et fluides sans notion de performance \u00e0 atteindre. Chaque exercice s\u2019appuie sur la respiration et s\u2019accompagne de concentrations.<br>L\u2019entrainement r\u00e9gulier du corps, de la respiration et de l\u2019esprit permet d\u2019am\u00e9liorer la sant\u00e9.<\/p>\n\n\n\n<p><\/p>\n\n\n\n<p><\/p>\n\n\n\n<p><\/p>\n\n\n\n<p><\/p>\n\n\n\n<p><\/p>\n\n\n\n<p><\/p>\n\n\n\n<p><\/p>\n\n\n\n<p><\/p>\n\n\n\n<p><\/p>\n\n\n\n<p><\/p>\n\n\n\n<p><\/p>\n\n\n\n<p><\/p>\n\n\n\n<p><\/p>\n\n\n\n<p><\/p>\n\n\n\n<p><\/p>\n\n\n\n<p class=\"has-text-align-center has-large-font-size\">LES MERCREDIS SOIR DE 18H00 A 19H15<\/p>\n\n\n\n<p class=\"has-text-align-center has-medium-font-size\"><strong>De 19H15 \u00e0 19h45 MEDITATION ET CHANT DES 5 TONS DE GUERISON <\/strong><\/p>\n\n\n\n<p class=\"has-text-align-center has-large-font-size\">de novembre \u00e0 mars salle de la mairie de Ravel <\/p>\n\n\n\n<p class=\"has-text-align-center has-large-font-size\">et d&rsquo;avril \u00e0 octobre<\/p>\n\n\n\n<p class=\"has-text-align-center has-large-font-size\"> au 107 impasse Marinette Menut lieu dit le Tronchet 63160 NEUVILLE<\/p>\n\n\n\n<p><\/p>\n\n\n\n<p class=\"has-text-align-center\"><\/p>\n\n\n\n<p><\/p>\n\n\n\n<p class=\"has-text-align-center\">L&rsquo;adh\u00e9sion \u00e0 l&rsquo;ann\u00e9e : 20 \u20ac comprend l&rsquo;assurance et frais administratifs<\/p>\n\n\n\n<p class=\"has-text-align-center\">Participation pour les cours 150 \u20ac l&rsquo;ann\u00e9e<\/p>\n\n\n\n<p><\/p>\n\n\n\n<div class=\"wp-block-image\"><figure class=\"aligncenter size-large is-resized\"><img loading=\"lazy\" src=\"http:\/\/www.harmonisation-sante.com\/wp-content\/uploads\/2025\/08\/IMG_20250820_192202-768x1024.jpg\" alt=\"\" class=\"wp-image-358\" width=\"437\" height=\"582\" srcset=\"https:\/\/www.harmonisation-sante.com\/wp-content\/uploads\/2025\/08\/IMG_20250820_192202-768x1024.jpg 768w, https:\/\/www.harmonisation-sante.com\/wp-content\/uploads\/2025\/08\/IMG_20250820_192202-225x300.jpg 225w, https:\/\/www.harmonisation-sante.com\/wp-content\/uploads\/2025\/08\/IMG_20250820_192202-1152x1536.jpg 1152w, https:\/\/www.harmonisation-sante.com\/wp-content\/uploads\/2025\/08\/IMG_20250820_192202-1536x2048.jpg 1536w, https:\/\/www.harmonisation-sante.com\/wp-content\/uploads\/2025\/08\/IMG_20250820_192202-scaled.jpg 1920w\" sizes=\"(max-width: 437px) 100vw, 437px\" \/><\/figure><\/div>\n\n\n\n<p><\/p>\n","protected":false},"excerpt":{"rendered":"<p>Yang Sheng&nbsp;ou \u00ab&nbsp;Nourrir la vie&nbsp;\u00bb. Qi&nbsp;comme souffle, air, respirer, processus vital dynamique inh\u00e9rent \u00e0 tout ph\u00e9nom\u00e8ne vivant, par extension \u00ab&nbsp;\u00e9nergie&nbsp;\u00bb.&nbsp; Gong&nbsp;est discipline, travail, asc\u00e8se. Le Yang Sheng Qi Gong est un art de vivre pour \u00ab&nbsp;Nourrir le Principe Vital&nbsp;\u00bb. L\u2019individu est men\u00e9 \u00e0 r\u00e9gler sa conduite sur les lois de la nature, respecter le rythme [&hellip;]<\/p>\n","protected":false},"author":1,"featured_media":0,"parent":0,"menu_order":0,"comment_status":"closed","ping_status":"closed","template":"","meta":[],"_links":{"self":[{"href":"https:\/\/www.harmonisation-sante.com\/index.php\/wp-json\/wp\/v2\/pages\/217"}],"collection":[{"href":"https:\/\/www.harmonisation-sante.com\/index.php\/wp-json\/wp\/v2\/pages"}],"about":[{"href":"https:\/\/www.harmonisation-sante.com\/index.php\/wp-json\/wp\/v2\/types\/page"}],"author":[{"embeddable":true,"href":"https:\/\/www.harmonisation-sante.com\/index.php\/wp-json\/wp\/v2\/users\/1"}],"replies":[{"embeddable":true,"href":"https:\/\/www.harmonisation-sante.com\/index.php\/wp-json\/wp\/v2\/comments?post=217"}],"version-history":[{"count":19,"href":"https:\/\/www.harmonisation-sante.com\/index.php\/wp-json\/wp\/v2\/pages\/217\/revisions"}],"predecessor-version":[{"id":366,"href":"https:\/\/www.harmonisation-sante.com\/index.php\/wp-json\/wp\/v2\/pages\/217\/revisions\/366"}],"wp:attachment":[{"href":"https:\/\/www.harmonisation-sante.com\/index.php\/wp-json\/wp\/v2\/media?parent=217"}],"curies":[{"name":"wp","href":"https:\/\/api.w.org\/{rel}","templated":true}]}}