{"id":117,"date":"2022-02-11T15:10:06","date_gmt":"2022-02-11T14:10:06","guid":{"rendered":"http:\/\/www.harmonisation-sante.com\/?page_id=117"},"modified":"2026-01-22T08:37:35","modified_gmt":"2026-01-22T07:37:35","slug":"a-propos","status":"publish","type":"page","link":"https:\/\/www.harmonisation-sante.com\/index.php\/a-propos\/","title":{"rendered":"A propos"},"content":{"rendered":"\n<div class=\"wp-block-image\"><figure class=\"aligncenter\"><img src=\"https:\/\/us.123rf.com\/450wm\/hxdbzxy\/hxdbzxy1306\/hxdbzxy130600465\/20488328-illustration-de-la-calligraphie-chinoise-noire-mot-chinois-tao-.jpg?ver=6\" alt=\"28,433 Tao Im\u00e1genes y Fotos - 123RF\"\/><\/figure><\/div>\n\n\n\n<p><\/p>\n\n\n\n<p>Soucieuse de ce que nous sommes en tant qu&rsquo; \u00ab\u00a0\u00eatre vivant\u00a0\u00bb, j&rsquo;ai fait le choix d&rsquo;investiguer et vouer mon existence \u00e0 l&rsquo;\u00e9tude de l&rsquo;univers, du cosmos, du vivant \u00e0 travers diff\u00e9rentes voies occidentale et orientale dans le but de croiser les regards pour une vision globale de ce qui nous constitue.<\/p>\n\n\n\n<p><\/p>\n\n\n\n<p><em>Formation en continue et dipl\u00f4m\u00e9e \u00e0 l&rsquo;institut Hoa Thien Duong par Gil Goncalves et Dr Catherine Vuala \u00e0 la m\u00e9decine traditionnelle chinoise et vietnamienne <\/em>acupuncture et pharmacop\u00e9e.<\/p>\n\n\n\n<p><\/p>\n\n\n\n<p><em>Enseignement en continu et transmission de Ma\u00eetre Li Shi Fu au Temple des cinq Immortels sur la montagne Bai Ma Shan en Chine de M\u00e9decine traditionnelle chinoise Tao\u00efst<\/em>e<\/p>\n\n\n\n<p><\/p>\n\n\n\n<p>Formation \u00e0 la pratique de la m\u00e9decine des ventouses de Daniel Henry<\/p>\n\n\n\n<p><\/p>\n\n\n\n<p><\/p>\n\n\n\n<p>Dipl\u00f4me de conseill\u00e8re en nutrition humaine certifi\u00e9 CERDEN <\/p>\n\n\n\n<p><\/p>\n\n\n\n<p>Pour tout accompagnement, il est a noter que, comme pour la plupart des techniques non-conventionnelles, mon approche ne peut pas \u00eatre consid\u00e9r\u00e9e comme une th\u00e9rapeutique ou un soin. C&rsquo;est la r\u00e9ponse de l&rsquo;\u00eatre qui induit le r\u00e9sultat.<\/p>\n\n\n\n<p><\/p>\n\n\n\n<p>J&rsquo;invite toute personne lisant ces lignes souffrant ou pensant souffrir d&rsquo;une pathologie \u00e0 se rapprocher de son m\u00e9decin traitant pour recevoir le traitement et le suivi n\u00e9cessaires. Etant donn\u00e9 l&rsquo;absence de <strong>cadre l\u00e9gal <\/strong>entourant la pratique de la m\u00e9decine traditionnelle Chinoise et Vietnamienne en France (cependant autoris\u00e9 au sein de l&rsquo;Union Europ\u00e9enne) je pr\u00e9cise que je ne suis pas m\u00e9decin. Je ne pose pas de diagnostic. Pour \u00e9viter tout retard de prise en charge qui pourrait vous conduire \u00e0 une perte de chances de gu\u00e9rison ou d&rsquo;am\u00e9lioration en cas de maladie, il est capital de comprendre que je n&rsquo;interviens qu&rsquo;en compl\u00e9ment de la m\u00e9decine occidentale. En aucun cas mon expertise ne peut se subsister au traitement m\u00e9dical ad\u00e9quat.<\/p>\n\n\n\n<p><\/p>\n\n\n\n<p><\/p>\n\n\n\n<p><\/p>\n\n\n\n<p>Le but est de sugg\u00e9rer \u00e0 l&rsquo;organisme une nouvelle marche \u00e0 suivre pour un retour vers son \u00e9quilibre naturel au travers de diff\u00e9rentes techniques.<\/p>\n\n\n\n<p><\/p>\n\n\n\n<p><\/p>\n\n\n\n<p><\/p>\n\n\n\n<p class=\"has-normal-font-size\"><strong>Pour cette raison il convient non seulement de na pas intervenir trop fr\u00e9quemment mais aussi de proc\u00e9der \u00e0 des ajustements dans la vie quotidienne pour atteindre un r\u00e9sultat optima<\/strong>l. <\/p>\n\n\n\n<p class=\"has-normal-font-size\">Nous sommes ce que nous faisons de mani\u00e8re r\u00e9p\u00e9t\u00e9.<\/p>\n\n\n\n<p><\/p>\n\n\n\n<p><\/p>\n\n\n\n<p><\/p>\n\n\n\n<p>Il peut s&rsquo;agir d&rsquo;activit\u00e9s physiques, d&rsquo;adaptation alimentaires ou de changements dans le rythme de vie en ad\u00e9quation avec votre corps.<\/p>\n\n\n\n<p><\/p>\n\n\n\n<p><\/p>\n\n\n\n<p><\/p>\n\n\n\n<p>Cultiver une approche saine de vie et de ce que l&rsquo;on en attend est capital.<\/p>\n\n\n\n<p><\/p>\n\n\n\n<p><\/p>\n","protected":false},"excerpt":{"rendered":"<p>Soucieuse de ce que nous sommes en tant qu&rsquo; \u00ab\u00a0\u00eatre vivant\u00a0\u00bb, j&rsquo;ai fait le choix d&rsquo;investiguer et vouer mon existence \u00e0 l&rsquo;\u00e9tude de l&rsquo;univers, du cosmos, du vivant \u00e0 travers diff\u00e9rentes voies occidentale et orientale dans le but de croiser les regards pour une vision globale de ce qui nous constitue. Formation en continue et [&hellip;]<\/p>\n","protected":false},"author":1,"featured_media":0,"parent":0,"menu_order":0,"comment_status":"closed","ping_status":"closed","template":"","meta":[],"_links":{"self":[{"href":"https:\/\/www.harmonisation-sante.com\/index.php\/wp-json\/wp\/v2\/pages\/117"}],"collection":[{"href":"https:\/\/www.harmonisation-sante.com\/index.php\/wp-json\/wp\/v2\/pages"}],"about":[{"href":"https:\/\/www.harmonisation-sante.com\/index.php\/wp-json\/wp\/v2\/types\/page"}],"author":[{"embeddable":true,"href":"https:\/\/www.harmonisation-sante.com\/index.php\/wp-json\/wp\/v2\/users\/1"}],"replies":[{"embeddable":true,"href":"https:\/\/www.harmonisation-sante.com\/index.php\/wp-json\/wp\/v2\/comments?post=117"}],"version-history":[{"count":18,"href":"https:\/\/www.harmonisation-sante.com\/index.php\/wp-json\/wp\/v2\/pages\/117\/revisions"}],"predecessor-version":[{"id":374,"href":"https:\/\/www.harmonisation-sante.com\/index.php\/wp-json\/wp\/v2\/pages\/117\/revisions\/374"}],"wp:attachment":[{"href":"https:\/\/www.harmonisation-sante.com\/index.php\/wp-json\/wp\/v2\/media?parent=117"}],"curies":[{"name":"wp","href":"https:\/\/api.w.org\/{rel}","templated":true}]}}